{"id":111,"date":"2022-02-11T14:48:28","date_gmt":"2022-02-11T14:48:28","guid":{"rendered":"https:\/\/xn--brderleingin-elb.de\/?post_type=product&#038;p=111"},"modified":"2025-02-27T02:07:37","modified_gmt":"2025-02-27T02:07:37","slug":"bruederlein-dry-gin","status":"publish","type":"product","link":"https:\/\/xn--brderleingin-elb.de\/?product=bruederlein-dry-gin","title":{"rendered":"BR\u00dcDERLEIN DRY Gin"},"content":{"rendered":"<p>BR\u00dcDERLEIN DRY Gin<br \/>\nStuttgart | 42% vol.<br \/>\n500ml<\/p>\n<p>Wacholder mit einem Hauch von Orangen und Zitronen, verfeinert durch Bl\u00fctenaromen. Frisch &amp; mild, aber intensiv.<br \/>\nNeu aus dem Hause BR\u00dcDERLEIN GIN: der BR\u00dcDERLEIN DRY GIN. In einer hellgrauen Flasche mit schwarzem Verschluss und Etikett.<\/p>\n<p>Hinweis zum Versand:<br \/>\nWir verschicken unsere Artikel (so weit es geht) in gebrauchten Kartons.<\/p>\n","protected":false},"excerpt":{"rendered":"<p>Produkt: Gin<br \/>\nInhalt: 500ml<br \/>\nGeschmack: Orangen, Zitronen, Bl\u00fcten | mild<br \/>\nHerkunft: Stuttgart<br \/>\nAlkoholgehalt: 42% vol.<br \/>\nMindestalter: 18 Jahre<br \/>\nPreis 1l: \u20ac71,80<\/p>\n","protected":false},"featured_media":103,"comment_status":"open","ping_status":"closed","template":"","meta":[],"product_brand":[],"product_cat":[22],"product_tag":[24,26,23,27,25],"class_list":{"0":"post-111","1":"product","2":"type-product","3":"status-publish","4":"has-post-thumbnail","6":"product_cat-unkategorisiert","7":"product_tag-bruederlein","8":"product_tag-bruederlein-dry-gin","9":"product_tag-bruederlein-gin","10":"product_tag-dry-gin","11":"product_tag-stuttgart-gin","13":"first","14":"outofstock","15":"taxable","16":"shipping-taxable","17":"purchasable","18":"product-type-simple","19":"czr-hentry"},"yoast_head":"<!-- This site is optimized with the Yoast SEO plugin v27.3 - https:\/\/yoast.com\/product\/yoast-seo-wordpress\/ -->\n<title>BR\u00dcDERLEIN DRY Gin - Br\u00fcderlein Gin<\/title>\n<meta name=\"description\" content=\"BR\u00dcDERLEIN DRY Gin - Wacholder mit einem Hauch von Orangen und Zitronen, verfeinert durch Bl\u00fctenaromen. Frisch &amp; mild, aber intensiv.\" \/>\n<meta name=\"robots\" content=\"index, follow, max-snippet:-1, max-image-preview:large, max-video-preview:-1\" \/>\n<link rel=\"canonical\" href=\"https:\/\/xn--brderleingin-elb.de\/?product=bruederlein-dry-gin\" \/>\n<meta property=\"og:locale\" content=\"de_DE\" \/>\n<meta property=\"og:type\" content=\"article\" \/>\n<meta property=\"og:title\" content=\"BR\u00dcDERLEIN DRY Gin - Br\u00fcderlein Gin\" \/>\n<meta property=\"og:description\" content=\"BR\u00dcDERLEIN DRY Gin - Wacholder mit einem Hauch von Orangen und Zitronen, verfeinert durch Bl\u00fctenaromen. Frisch &amp; mild, aber intensiv.\" \/>\n<meta property=\"og:url\" content=\"https:\/\/xn--brderleingin-elb.de\/?product=bruederlein-dry-gin\" \/>\n<meta property=\"og:site_name\" content=\"Br\u00fcderlein Gin\" \/>\n<meta property=\"article:modified_time\" content=\"2025-02-27T02:07:37+00:00\" \/>\n<meta property=\"og:image\" content=\"https:\/\/xn--brderleingin-elb.de\/wp-content\/uploads\/2022\/02\/Bruederlein_DryGin.jpg\" \/>\n\t<meta property=\"og:image:width\" content=\"1200\" \/>\n\t<meta property=\"og:image:height\" content=\"1798\" \/>\n\t<meta property=\"og:image:type\" content=\"image\/jpeg\" \/>\n<meta name=\"twitter:card\" content=\"summary_large_image\" \/>\n<meta name=\"twitter:label1\" content=\"Gesch\u00e4tzte Lesezeit\" \/>\n\t<meta name=\"twitter:data1\" content=\"1\u00a0Minute\" \/>\n<script type=\"application\/ld+json\" class=\"yoast-schema-graph\">{\"@context\":\"https:\\\/\\\/schema.org\",\"@graph\":[{\"@type\":\"WebPage\",\"@id\":\"https:\\\/\\\/xn--brderleingin-elb.de\\\/?product=bruederlein-dry-gin\",\"url\":\"https:\\\/\\\/xn--brderleingin-elb.de\\\/?product=bruederlein-dry-gin\",\"name\":\"BR\u00dcDERLEIN DRY Gin - Br\u00fcderlein Gin\",\"isPartOf\":{\"@id\":\"https:\\\/\\\/xn--brderleingin-elb.de\\\/#website\"},\"primaryImageOfPage\":{\"@id\":\"https:\\\/\\\/xn--brderleingin-elb.de\\\/?product=bruederlein-dry-gin#primaryimage\"},\"image\":{\"@id\":\"https:\\\/\\\/xn--brderleingin-elb.de\\\/?product=bruederlein-dry-gin#primaryimage\"},\"thumbnailUrl\":\"https:\\\/\\\/xn--brderleingin-elb.de\\\/wp-content\\\/uploads\\\/2022\\\/02\\\/Bruederlein_DryGin.jpg\",\"datePublished\":\"2022-02-11T14:48:28+00:00\",\"dateModified\":\"2025-02-27T02:07:37+00:00\",\"description\":\"BR\u00dcDERLEIN DRY Gin - Wacholder mit einem Hauch von Orangen und Zitronen, verfeinert durch Bl\u00fctenaromen. Frisch & mild, aber intensiv.\",\"breadcrumb\":{\"@id\":\"https:\\\/\\\/xn--brderleingin-elb.de\\\/?product=bruederlein-dry-gin#breadcrumb\"},\"inLanguage\":\"de\",\"potentialAction\":[{\"@type\":\"ReadAction\",\"target\":[\"https:\\\/\\\/xn--brderleingin-elb.de\\\/?product=bruederlein-dry-gin\"]}]},{\"@type\":\"ImageObject\",\"inLanguage\":\"de\",\"@id\":\"https:\\\/\\\/xn--brderleingin-elb.de\\\/?product=bruederlein-dry-gin#primaryimage\",\"url\":\"https:\\\/\\\/xn--brderleingin-elb.de\\\/wp-content\\\/uploads\\\/2022\\\/02\\\/Bruederlein_DryGin.jpg\",\"contentUrl\":\"https:\\\/\\\/xn--brderleingin-elb.de\\\/wp-content\\\/uploads\\\/2022\\\/02\\\/Bruederlein_DryGin.jpg\",\"width\":1200,\"height\":1798},{\"@type\":\"BreadcrumbList\",\"@id\":\"https:\\\/\\\/xn--brderleingin-elb.de\\\/?product=bruederlein-dry-gin#breadcrumb\",\"itemListElement\":[{\"@type\":\"ListItem\",\"position\":1,\"name\":\"Startseite\",\"item\":\"https:\\\/\\\/xn--brderleingin-elb.de\\\/\"},{\"@type\":\"ListItem\",\"position\":2,\"name\":\"Der BR\u00dcDERLEIN Shop\",\"item\":\"https:\\\/\\\/xn--brderleingin-elb.de\\\/?page_id=69\"},{\"@type\":\"ListItem\",\"position\":3,\"name\":\"BR\u00dcDERLEIN DRY Gin\"}]},{\"@type\":\"WebSite\",\"@id\":\"https:\\\/\\\/xn--brderleingin-elb.de\\\/#website\",\"url\":\"https:\\\/\\\/xn--brderleingin-elb.de\\\/\",\"name\":\"Br\u00fcderlein Gin\",\"description\":\"100% handmade in Stuttgart\",\"publisher\":{\"@id\":\"https:\\\/\\\/xn--brderleingin-elb.de\\\/#organization\"},\"inLanguage\":\"de\"},{\"@type\":\"Organization\",\"@id\":\"https:\\\/\\\/xn--brderleingin-elb.de\\\/#organization\",\"name\":\"Br\u00fcderlein Gin\",\"url\":\"https:\\\/\\\/xn--brderleingin-elb.de\\\/\",\"logo\":{\"@type\":\"ImageObject\",\"inLanguage\":\"de\",\"@id\":\"https:\\\/\\\/xn--brderleingin-elb.de\\\/#\\\/schema\\\/logo\\\/image\\\/\",\"url\":\"https:\\\/\\\/xn--brderleingin-elb.de\\\/wp-content\\\/uploads\\\/2022\\\/02\\\/00_logo_black.png\",\"contentUrl\":\"https:\\\/\\\/xn--brderleingin-elb.de\\\/wp-content\\\/uploads\\\/2022\\\/02\\\/00_logo_black.png\",\"width\":276,\"height\":44,\"caption\":\"Br\u00fcderlein Gin\"},\"image\":{\"@id\":\"https:\\\/\\\/xn--brderleingin-elb.de\\\/#\\\/schema\\\/logo\\\/image\\\/\"}}]}<\/script>\n<!-- \/ Yoast SEO plugin. -->","yoast_head_json":{"title":"BR\u00dcDERLEIN DRY Gin - Br\u00fcderlein Gin","description":"BR\u00dcDERLEIN DRY Gin - Wacholder mit einem Hauch von Orangen und Zitronen, verfeinert durch Bl\u00fctenaromen. Frisch & mild, aber intensiv.","robots":{"index":"index","follow":"follow","max-snippet":"max-snippet:-1","max-image-preview":"max-image-preview:large","max-video-preview":"max-video-preview:-1"},"canonical":"https:\/\/xn--brderleingin-elb.de\/?product=bruederlein-dry-gin","og_locale":"de_DE","og_type":"article","og_title":"BR\u00dcDERLEIN DRY Gin - Br\u00fcderlein Gin","og_description":"BR\u00dcDERLEIN DRY Gin - Wacholder mit einem Hauch von Orangen und Zitronen, verfeinert durch Bl\u00fctenaromen. Frisch & mild, aber intensiv.","og_url":"https:\/\/xn--brderleingin-elb.de\/?product=bruederlein-dry-gin","og_site_name":"Br\u00fcderlein Gin","article_modified_time":"2025-02-27T02:07:37+00:00","og_image":[{"width":1200,"height":1798,"url":"https:\/\/xn--brderleingin-elb.de\/wp-content\/uploads\/2022\/02\/Bruederlein_DryGin.jpg","type":"image\/jpeg"}],"twitter_card":"summary_large_image","twitter_misc":{"Gesch\u00e4tzte Lesezeit":"1\u00a0Minute"},"schema":{"@context":"https:\/\/schema.org","@graph":[{"@type":"WebPage","@id":"https:\/\/xn--brderleingin-elb.de\/?product=bruederlein-dry-gin","url":"https:\/\/xn--brderleingin-elb.de\/?product=bruederlein-dry-gin","name":"BR\u00dcDERLEIN DRY Gin - Br\u00fcderlein Gin","isPartOf":{"@id":"https:\/\/xn--brderleingin-elb.de\/#website"},"primaryImageOfPage":{"@id":"https:\/\/xn--brderleingin-elb.de\/?product=bruederlein-dry-gin#primaryimage"},"image":{"@id":"https:\/\/xn--brderleingin-elb.de\/?product=bruederlein-dry-gin#primaryimage"},"thumbnailUrl":"https:\/\/xn--brderleingin-elb.de\/wp-content\/uploads\/2022\/02\/Bruederlein_DryGin.jpg","datePublished":"2022-02-11T14:48:28+00:00","dateModified":"2025-02-27T02:07:37+00:00","description":"BR\u00dcDERLEIN DRY Gin - Wacholder mit einem Hauch von Orangen und Zitronen, verfeinert durch Bl\u00fctenaromen. Frisch & mild, aber intensiv.","breadcrumb":{"@id":"https:\/\/xn--brderleingin-elb.de\/?product=bruederlein-dry-gin#breadcrumb"},"inLanguage":"de","potentialAction":[{"@type":"ReadAction","target":["https:\/\/xn--brderleingin-elb.de\/?product=bruederlein-dry-gin"]}]},{"@type":"ImageObject","inLanguage":"de","@id":"https:\/\/xn--brderleingin-elb.de\/?product=bruederlein-dry-gin#primaryimage","url":"https:\/\/xn--brderleingin-elb.de\/wp-content\/uploads\/2022\/02\/Bruederlein_DryGin.jpg","contentUrl":"https:\/\/xn--brderleingin-elb.de\/wp-content\/uploads\/2022\/02\/Bruederlein_DryGin.jpg","width":1200,"height":1798},{"@type":"BreadcrumbList","@id":"https:\/\/xn--brderleingin-elb.de\/?product=bruederlein-dry-gin#breadcrumb","itemListElement":[{"@type":"ListItem","position":1,"name":"Startseite","item":"https:\/\/xn--brderleingin-elb.de\/"},{"@type":"ListItem","position":2,"name":"Der BR\u00dcDERLEIN Shop","item":"https:\/\/xn--brderleingin-elb.de\/?page_id=69"},{"@type":"ListItem","position":3,"name":"BR\u00dcDERLEIN DRY Gin"}]},{"@type":"WebSite","@id":"https:\/\/xn--brderleingin-elb.de\/#website","url":"https:\/\/xn--brderleingin-elb.de\/","name":"Br\u00fcderlein Gin","description":"100% handmade in Stuttgart","publisher":{"@id":"https:\/\/xn--brderleingin-elb.de\/#organization"},"inLanguage":"de"},{"@type":"Organization","@id":"https:\/\/xn--brderleingin-elb.de\/#organization","name":"Br\u00fcderlein Gin","url":"https:\/\/xn--brderleingin-elb.de\/","logo":{"@type":"ImageObject","inLanguage":"de","@id":"https:\/\/xn--brderleingin-elb.de\/#\/schema\/logo\/image\/","url":"https:\/\/xn--brderleingin-elb.de\/wp-content\/uploads\/2022\/02\/00_logo_black.png","contentUrl":"https:\/\/xn--brderleingin-elb.de\/wp-content\/uploads\/2022\/02\/00_logo_black.png","width":276,"height":44,"caption":"Br\u00fcderlein Gin"},"image":{"@id":"https:\/\/xn--brderleingin-elb.de\/#\/schema\/logo\/image\/"}}]}},"jetpack_sharing_enabled":true,"_links":{"self":[{"href":"https:\/\/xn--brderleingin-elb.de\/index.php?rest_route=\/wp\/v2\/product\/111","targetHints":{"allow":["GET"]}}],"collection":[{"href":"https:\/\/xn--brderleingin-elb.de\/index.php?rest_route=\/wp\/v2\/product"}],"about":[{"href":"https:\/\/xn--brderleingin-elb.de\/index.php?rest_route=\/wp\/v2\/types\/product"}],"replies":[{"embeddable":true,"href":"https:\/\/xn--brderleingin-elb.de\/index.php?rest_route=%2Fwp%2Fv2%2Fcomments&post=111"}],"wp:featuredmedia":[{"embeddable":true,"href":"https:\/\/xn--brderleingin-elb.de\/index.php?rest_route=\/wp\/v2\/media\/103"}],"wp:attachment":[{"href":"https:\/\/xn--brderleingin-elb.de\/index.php?rest_route=%2Fwp%2Fv2%2Fmedia&parent=111"}],"wp:term":[{"taxonomy":"product_brand","embeddable":true,"href":"https:\/\/xn--brderleingin-elb.de\/index.php?rest_route=%2Fwp%2Fv2%2Fproduct_brand&post=111"},{"taxonomy":"product_cat","embeddable":true,"href":"https:\/\/xn--brderleingin-elb.de\/index.php?rest_route=%2Fwp%2Fv2%2Fproduct_cat&post=111"},{"taxonomy":"product_tag","embeddable":true,"href":"https:\/\/xn--brderleingin-elb.de\/index.php?rest_route=%2Fwp%2Fv2%2Fproduct_tag&post=111"}],"curies":[{"name":"wp","href":"https:\/\/api.w.org\/{rel}","templated":true}]}}