{"id":109,"date":"2022-02-11T19:34:12","date_gmt":"2022-02-11T19:34:12","guid":{"rendered":"https:\/\/xn--brderleingin-elb.de\/?post_type=product&#038;p=109"},"modified":"2024-11-04T12:42:52","modified_gmt":"2024-11-04T12:42:52","slug":"bruederlein-gin","status":"publish","type":"product","link":"https:\/\/xn--brderleingin-elb.de\/?product=bruederlein-gin","title":{"rendered":"BR\u00dcDERLEIN Gin"},"content":{"rendered":"<p>BR\u00dcDERLEIN Gin<br \/>\nStuttgart | 42% vol.<br \/>\n500ml | 50ml<\/p>\n<p>Johannisbeere trifft auf Wacholder. Der Beginn einer wundervollen Romanze.<br \/>\nDer BR\u00dcDERLEIN GIN enth\u00e4lt 13 Botanicals und wird zu 100% in Handarbeit in Stuttgart hergestellt. Nat\u00fcrlich ohne Zusatz von Aromen.<br \/>\nVon Hand abgef\u00fcllt und nummeriert.<\/p>\n<p>Ein ausgezeichneter Gin:<br \/>\nGold Medaille beim ESC in London (Mai 2021).<br \/>\nGold Medaille beim CWSA in Hong Kong.<br \/>\nGold Medaille beim Landesverband f\u00fcr Klein- und Obstbrenner (Juli 2021).<br \/>\nSilber Medaille beim World Trophy in Luxembourg (2021).<\/p>\n<p>Auch als 0,05l-Miniatur erh\u00e4ltlich.<\/p>\n<p>500ml \u20ac34,90<br \/>\n500ml mit Geschenkbox \u20ac37,90<br \/>\n50ml Miniatur \u20ac7,50<br \/>\n500ml + 50ml Miniatur \u20ac39,90<br \/>\n500ml 2x \u20ac62,90<br \/>\n50ml Miniatur 3x \u20ac15,- (3 f\u00fcr 2)<\/p>\n<p>Hinweis zum Versand:<br \/>\nWir verschicken unsere Artikel (so weit es geht) in gebrauchten Kartons.<\/p>\n","protected":false},"excerpt":{"rendered":"<p>Produkt: Gin<br \/>\nInhalt: 500ml<br \/>\nGeschmack: Johannisbeere | mild<br \/>\nHerkunft: Stuttgart<br \/>\nAlkoholgehalt: 42% vol.<br \/>\nMindestalter: 18 Jahre<br \/>\nPreis 1l: \u20ac69,80<\/p>\n","protected":false},"featured_media":104,"comment_status":"open","ping_status":"closed","template":"","meta":[],"product_brand":[],"product_cat":[22],"product_tag":[24,23,25],"class_list":{"0":"post-109","1":"product","2":"type-product","3":"status-publish","4":"has-post-thumbnail","6":"product_cat-unkategorisiert","7":"product_tag-bruederlein","8":"product_tag-bruederlein-gin","9":"product_tag-stuttgart-gin","11":"first","12":"instock","13":"sale","14":"taxable","15":"shipping-taxable","16":"purchasable","17":"product-type-variable","18":"czr-hentry"},"yoast_head":"<!-- This site is optimized with the Yoast SEO plugin v27.3 - https:\/\/yoast.com\/product\/yoast-seo-wordpress\/ -->\n<title>BR\u00dcDERLEIN Gin - Br\u00fcderlein Gin<\/title>\n<meta name=\"description\" content=\"Br\u00fcderlein Gin - Johannisbeere trifft auf Wacholder. Der Beginn einer wundervollen Romanze. 100% Handmade in Stuttgart. Dein Stuttgart Gin.\" \/>\n<meta name=\"robots\" content=\"index, follow, max-snippet:-1, max-image-preview:large, max-video-preview:-1\" \/>\n<link rel=\"canonical\" href=\"https:\/\/xn--brderleingin-elb.de\/?product=bruederlein-gin\" \/>\n<meta property=\"og:locale\" content=\"de_DE\" \/>\n<meta property=\"og:type\" content=\"article\" \/>\n<meta property=\"og:title\" content=\"BR\u00dcDERLEIN Gin - Br\u00fcderlein Gin\" \/>\n<meta property=\"og:description\" content=\"Br\u00fcderlein Gin - Johannisbeere trifft auf Wacholder. Der Beginn einer wundervollen Romanze. 100% Handmade in Stuttgart. Dein Stuttgart Gin.\" \/>\n<meta property=\"og:url\" content=\"https:\/\/xn--brderleingin-elb.de\/?product=bruederlein-gin\" \/>\n<meta property=\"og:site_name\" content=\"Br\u00fcderlein Gin\" \/>\n<meta property=\"article:modified_time\" content=\"2024-11-04T12:42:52+00:00\" \/>\n<meta property=\"og:image\" content=\"https:\/\/xn--brderleingin-elb.de\/wp-content\/uploads\/2022\/02\/DSC_5178-scaled.jpg\" \/>\n\t<meta property=\"og:image:width\" content=\"1709\" \/>\n\t<meta property=\"og:image:height\" content=\"2560\" \/>\n\t<meta property=\"og:image:type\" content=\"image\/jpeg\" \/>\n<meta name=\"twitter:card\" content=\"summary_large_image\" \/>\n<meta name=\"twitter:label1\" content=\"Gesch\u00e4tzte Lesezeit\" \/>\n\t<meta name=\"twitter:data1\" content=\"1\u00a0Minute\" \/>\n<script type=\"application\/ld+json\" class=\"yoast-schema-graph\">{\"@context\":\"https:\\\/\\\/schema.org\",\"@graph\":[{\"@type\":\"WebPage\",\"@id\":\"https:\\\/\\\/xn--brderleingin-elb.de\\\/?product=bruederlein-gin\",\"url\":\"https:\\\/\\\/xn--brderleingin-elb.de\\\/?product=bruederlein-gin\",\"name\":\"BR\u00dcDERLEIN Gin - Br\u00fcderlein Gin\",\"isPartOf\":{\"@id\":\"https:\\\/\\\/xn--brderleingin-elb.de\\\/#website\"},\"primaryImageOfPage\":{\"@id\":\"https:\\\/\\\/xn--brderleingin-elb.de\\\/?product=bruederlein-gin#primaryimage\"},\"image\":{\"@id\":\"https:\\\/\\\/xn--brderleingin-elb.de\\\/?product=bruederlein-gin#primaryimage\"},\"thumbnailUrl\":\"https:\\\/\\\/xn--brderleingin-elb.de\\\/wp-content\\\/uploads\\\/2022\\\/02\\\/DSC_5178-scaled.jpg\",\"datePublished\":\"2022-02-11T19:34:12+00:00\",\"dateModified\":\"2024-11-04T12:42:52+00:00\",\"description\":\"Br\u00fcderlein Gin - Johannisbeere trifft auf Wacholder. Der Beginn einer wundervollen Romanze. 100% Handmade in Stuttgart. Dein Stuttgart Gin.\",\"breadcrumb\":{\"@id\":\"https:\\\/\\\/xn--brderleingin-elb.de\\\/?product=bruederlein-gin#breadcrumb\"},\"inLanguage\":\"de\",\"potentialAction\":[{\"@type\":\"ReadAction\",\"target\":[\"https:\\\/\\\/xn--brderleingin-elb.de\\\/?product=bruederlein-gin\"]}]},{\"@type\":\"ImageObject\",\"inLanguage\":\"de\",\"@id\":\"https:\\\/\\\/xn--brderleingin-elb.de\\\/?product=bruederlein-gin#primaryimage\",\"url\":\"https:\\\/\\\/xn--brderleingin-elb.de\\\/wp-content\\\/uploads\\\/2022\\\/02\\\/DSC_5178-scaled.jpg\",\"contentUrl\":\"https:\\\/\\\/xn--brderleingin-elb.de\\\/wp-content\\\/uploads\\\/2022\\\/02\\\/DSC_5178-scaled.jpg\",\"width\":1709,\"height\":2560},{\"@type\":\"BreadcrumbList\",\"@id\":\"https:\\\/\\\/xn--brderleingin-elb.de\\\/?product=bruederlein-gin#breadcrumb\",\"itemListElement\":[{\"@type\":\"ListItem\",\"position\":1,\"name\":\"Startseite\",\"item\":\"https:\\\/\\\/xn--brderleingin-elb.de\\\/\"},{\"@type\":\"ListItem\",\"position\":2,\"name\":\"Der BR\u00dcDERLEIN Shop\",\"item\":\"https:\\\/\\\/xn--brderleingin-elb.de\\\/?page_id=69\"},{\"@type\":\"ListItem\",\"position\":3,\"name\":\"BR\u00dcDERLEIN Gin\"}]},{\"@type\":\"WebSite\",\"@id\":\"https:\\\/\\\/xn--brderleingin-elb.de\\\/#website\",\"url\":\"https:\\\/\\\/xn--brderleingin-elb.de\\\/\",\"name\":\"Br\u00fcderlein Gin\",\"description\":\"100% handmade in Stuttgart\",\"publisher\":{\"@id\":\"https:\\\/\\\/xn--brderleingin-elb.de\\\/#organization\"},\"inLanguage\":\"de\"},{\"@type\":\"Organization\",\"@id\":\"https:\\\/\\\/xn--brderleingin-elb.de\\\/#organization\",\"name\":\"Br\u00fcderlein Gin\",\"url\":\"https:\\\/\\\/xn--brderleingin-elb.de\\\/\",\"logo\":{\"@type\":\"ImageObject\",\"inLanguage\":\"de\",\"@id\":\"https:\\\/\\\/xn--brderleingin-elb.de\\\/#\\\/schema\\\/logo\\\/image\\\/\",\"url\":\"https:\\\/\\\/xn--brderleingin-elb.de\\\/wp-content\\\/uploads\\\/2022\\\/02\\\/00_logo_black.png\",\"contentUrl\":\"https:\\\/\\\/xn--brderleingin-elb.de\\\/wp-content\\\/uploads\\\/2022\\\/02\\\/00_logo_black.png\",\"width\":276,\"height\":44,\"caption\":\"Br\u00fcderlein Gin\"},\"image\":{\"@id\":\"https:\\\/\\\/xn--brderleingin-elb.de\\\/#\\\/schema\\\/logo\\\/image\\\/\"}}]}<\/script>\n<!-- \/ Yoast SEO plugin. -->","yoast_head_json":{"title":"BR\u00dcDERLEIN Gin - Br\u00fcderlein Gin","description":"Br\u00fcderlein Gin - Johannisbeere trifft auf Wacholder. Der Beginn einer wundervollen Romanze. 100% Handmade in Stuttgart. Dein Stuttgart Gin.","robots":{"index":"index","follow":"follow","max-snippet":"max-snippet:-1","max-image-preview":"max-image-preview:large","max-video-preview":"max-video-preview:-1"},"canonical":"https:\/\/xn--brderleingin-elb.de\/?product=bruederlein-gin","og_locale":"de_DE","og_type":"article","og_title":"BR\u00dcDERLEIN Gin - Br\u00fcderlein Gin","og_description":"Br\u00fcderlein Gin - Johannisbeere trifft auf Wacholder. Der Beginn einer wundervollen Romanze. 100% Handmade in Stuttgart. Dein Stuttgart Gin.","og_url":"https:\/\/xn--brderleingin-elb.de\/?product=bruederlein-gin","og_site_name":"Br\u00fcderlein Gin","article_modified_time":"2024-11-04T12:42:52+00:00","og_image":[{"width":1709,"height":2560,"url":"https:\/\/xn--brderleingin-elb.de\/wp-content\/uploads\/2022\/02\/DSC_5178-scaled.jpg","type":"image\/jpeg"}],"twitter_card":"summary_large_image","twitter_misc":{"Gesch\u00e4tzte Lesezeit":"1\u00a0Minute"},"schema":{"@context":"https:\/\/schema.org","@graph":[{"@type":"WebPage","@id":"https:\/\/xn--brderleingin-elb.de\/?product=bruederlein-gin","url":"https:\/\/xn--brderleingin-elb.de\/?product=bruederlein-gin","name":"BR\u00dcDERLEIN Gin - Br\u00fcderlein Gin","isPartOf":{"@id":"https:\/\/xn--brderleingin-elb.de\/#website"},"primaryImageOfPage":{"@id":"https:\/\/xn--brderleingin-elb.de\/?product=bruederlein-gin#primaryimage"},"image":{"@id":"https:\/\/xn--brderleingin-elb.de\/?product=bruederlein-gin#primaryimage"},"thumbnailUrl":"https:\/\/xn--brderleingin-elb.de\/wp-content\/uploads\/2022\/02\/DSC_5178-scaled.jpg","datePublished":"2022-02-11T19:34:12+00:00","dateModified":"2024-11-04T12:42:52+00:00","description":"Br\u00fcderlein Gin - Johannisbeere trifft auf Wacholder. Der Beginn einer wundervollen Romanze. 100% Handmade in Stuttgart. Dein Stuttgart Gin.","breadcrumb":{"@id":"https:\/\/xn--brderleingin-elb.de\/?product=bruederlein-gin#breadcrumb"},"inLanguage":"de","potentialAction":[{"@type":"ReadAction","target":["https:\/\/xn--brderleingin-elb.de\/?product=bruederlein-gin"]}]},{"@type":"ImageObject","inLanguage":"de","@id":"https:\/\/xn--brderleingin-elb.de\/?product=bruederlein-gin#primaryimage","url":"https:\/\/xn--brderleingin-elb.de\/wp-content\/uploads\/2022\/02\/DSC_5178-scaled.jpg","contentUrl":"https:\/\/xn--brderleingin-elb.de\/wp-content\/uploads\/2022\/02\/DSC_5178-scaled.jpg","width":1709,"height":2560},{"@type":"BreadcrumbList","@id":"https:\/\/xn--brderleingin-elb.de\/?product=bruederlein-gin#breadcrumb","itemListElement":[{"@type":"ListItem","position":1,"name":"Startseite","item":"https:\/\/xn--brderleingin-elb.de\/"},{"@type":"ListItem","position":2,"name":"Der BR\u00dcDERLEIN Shop","item":"https:\/\/xn--brderleingin-elb.de\/?page_id=69"},{"@type":"ListItem","position":3,"name":"BR\u00dcDERLEIN Gin"}]},{"@type":"WebSite","@id":"https:\/\/xn--brderleingin-elb.de\/#website","url":"https:\/\/xn--brderleingin-elb.de\/","name":"Br\u00fcderlein Gin","description":"100% handmade in Stuttgart","publisher":{"@id":"https:\/\/xn--brderleingin-elb.de\/#organization"},"inLanguage":"de"},{"@type":"Organization","@id":"https:\/\/xn--brderleingin-elb.de\/#organization","name":"Br\u00fcderlein Gin","url":"https:\/\/xn--brderleingin-elb.de\/","logo":{"@type":"ImageObject","inLanguage":"de","@id":"https:\/\/xn--brderleingin-elb.de\/#\/schema\/logo\/image\/","url":"https:\/\/xn--brderleingin-elb.de\/wp-content\/uploads\/2022\/02\/00_logo_black.png","contentUrl":"https:\/\/xn--brderleingin-elb.de\/wp-content\/uploads\/2022\/02\/00_logo_black.png","width":276,"height":44,"caption":"Br\u00fcderlein Gin"},"image":{"@id":"https:\/\/xn--brderleingin-elb.de\/#\/schema\/logo\/image\/"}}]}},"jetpack_sharing_enabled":true,"_links":{"self":[{"href":"https:\/\/xn--brderleingin-elb.de\/index.php?rest_route=\/wp\/v2\/product\/109","targetHints":{"allow":["GET"]}}],"collection":[{"href":"https:\/\/xn--brderleingin-elb.de\/index.php?rest_route=\/wp\/v2\/product"}],"about":[{"href":"https:\/\/xn--brderleingin-elb.de\/index.php?rest_route=\/wp\/v2\/types\/product"}],"replies":[{"embeddable":true,"href":"https:\/\/xn--brderleingin-elb.de\/index.php?rest_route=%2Fwp%2Fv2%2Fcomments&post=109"}],"wp:featuredmedia":[{"embeddable":true,"href":"https:\/\/xn--brderleingin-elb.de\/index.php?rest_route=\/wp\/v2\/media\/104"}],"wp:attachment":[{"href":"https:\/\/xn--brderleingin-elb.de\/index.php?rest_route=%2Fwp%2Fv2%2Fmedia&parent=109"}],"wp:term":[{"taxonomy":"product_brand","embeddable":true,"href":"https:\/\/xn--brderleingin-elb.de\/index.php?rest_route=%2Fwp%2Fv2%2Fproduct_brand&post=109"},{"taxonomy":"product_cat","embeddable":true,"href":"https:\/\/xn--brderleingin-elb.de\/index.php?rest_route=%2Fwp%2Fv2%2Fproduct_cat&post=109"},{"taxonomy":"product_tag","embeddable":true,"href":"https:\/\/xn--brderleingin-elb.de\/index.php?rest_route=%2Fwp%2Fv2%2Fproduct_tag&post=109"}],"curies":[{"name":"wp","href":"https:\/\/api.w.org\/{rel}","templated":true}]}}